{"id":14499,"date":"2023-07-17T11:07:14","date_gmt":"2023-07-17T11:07:14","guid":{"rendered":"https:\/\/www.xbtc.cat\/aviso-legal\/"},"modified":"2023-10-01T17:59:46","modified_gmt":"2023-10-01T17:59:46","slug":"aviso-legal","status":"publish","type":"page","link":"https:\/\/www.xbtc.cat\/es\/aviso-legal\/","title":{"rendered":"Aviso legal"},"content":{"rendered":"\t\t<div data-elementor-type=\"wp-page\" data-elementor-id=\"14499\" class=\"elementor elementor-14499 elementor-12459\" data-elementor-post-type=\"page\">\n\t\t\t\t\t\t\t\t\t<section class=\"elementor-section elementor-top-section elementor-element elementor-element-691aec9 elementor-section-boxed elementor-section-height-default elementor-section-height-default\" data-id=\"691aec9\" data-element_type=\"section\">\n\t\t\t\t\t\t<div class=\"elementor-container elementor-column-gap-wider\">\n\t\t\t\t\t<div class=\"elementor-column elementor-col-100 elementor-top-column elementor-element elementor-element-9022588\" data-id=\"9022588\" data-element_type=\"column\">\n\t\t\t<div class=\"elementor-widget-wrap elementor-element-populated\">\n\t\t\t\t\t\t\t\t<div class=\"elementor-element elementor-element-223cd16 elementor-widget elementor-widget-text-editor\" data-id=\"223cd16\" data-element_type=\"widget\" data-widget_type=\"text-editor.default\">\n\t\t\t\t<div class=\"elementor-widget-container\">\n\t\t\t\t\t\t\t<p>Este aviso legal regula la navegaci\u00f3n y el uso del web www.xbtc.cat (\u201cweb\u201d) de la Xarxa de Bancs de Tumors de Catalunya (XBTC).<\/p>\n<p>El responsable del web de la XBTC es su nodo coordinador: Fundaci\u00f3 de Recerca Cl\u00ednic Barcelona-Institut d\u2019Investigacions Biom\u00e8diques August Pi i Sunyer (FRCB-IDIBAPS), con CIF G59319681, y domicilio en la calle Rossell\u00f3, 149-153 de Barcelona. Puedes contactar con nosotros mediante <a href=\"https:\/\/www.xbtc.cat\/es\/contacto\/\">este formulario<\/a>.<\/p>\n<p>A trav\u00e9s de este web podr\u00e1s acceder a informaci\u00f3n institucional y servicios de la XBTC, as\u00ed como de los hospitales que la constituyen.<\/p>\n<p>La utilizaci\u00f3n del web es conforme a la ley, al presente aviso legal y a las condiciones particulares que le puedan ser de aplicaci\u00f3n. En caso de incumplimiento por parte del usuario, la XBTC se reserva el ejercicio de las acciones legales oportunas, as\u00ed como el derecho a restringir el acceso al web.<\/p>\n<p>El acceso a este web implica la adquisici\u00f3n de la condici\u00f3n de usuario y la aceptaci\u00f3n de las condiciones de uso que se detallan a continuaci\u00f3n:<\/p>\n<ul>\n<li>Los contenidos de este sitio web est\u00e1n protegidos por derechos de autor.<\/li>\n<li>Los logotipos, marcas o dise\u00f1os son propiedad de la XBTC o de terceros que hayan autorizado su uso y queden protegidos por la legislaci\u00f3n sobre la propiedad intelectual e industrial espa\u00f1ola.<\/li>\n<li>Queda prohibida la realizaci\u00f3n de pr\u00e1cticas de <em>framming<\/em> (visualizaci\u00f3n il\u00edcita de contenidos seleccionados), <em>deep-linking<\/em> (ocultaci\u00f3n de la direcci\u00f3n web de origen) o cualquier otra pr\u00e1ctica que induzca a error sobre el origen de los contenidos.<\/li>\n<li>El establecimiento de enlaces en ning\u00fan momento implicar\u00e1 relaci\u00f3n, colaboraci\u00f3n o soporte con la XBTC. En particular, no se permitir\u00e1 la realizaci\u00f3n de un enlace que, de forma fraudulenta, induzca o establezca cualquier tipo de relaci\u00f3n con la XBTC.<\/li>\n<li>Quedan prohibidos los enlaces desde p\u00e1ginas web difamatorias, pornogr\u00e1ficas, racistas, xen\u00f3fobas o que ofrezcan informaci\u00f3n falsa sobre la XBTC o cualquiera de los hospitales que la constituyen.<\/li>\n<li>La XBTC revisa y actualiza la informaci\u00f3n de este web peri\u00f3dicamente, pero no garantiza que la informaci\u00f3n sea veraz, actualizada y no err\u00f3nea. En consecuencia, no se responsabiliza de los da\u00f1os ocasionados por las decisiones tomadas en base a la informaci\u00f3n o contenidos de este sitio web.<\/li>\n<li>El acceso al web es por cuenta y riesgo del usuario, siendo responsabilidad del mismo la utilizaci\u00f3n de los medios id\u00f3neos para evitar cualquier da\u00f1o o virus. Asimismo, el usuario se compromete a evitar toda conducta que pueda da\u00f1ar, inutilizar, deteriorar, sobrecargar o perjudicar, de cualquier forma, el web y su uso.<\/li>\n<\/ul>\n<p>El presente web queda sometido a lo que establece la legislaci\u00f3n espa\u00f1ola. Los tribunales de Barcelona ser\u00e1n los competentes para cualquier conflicto que pueda nacer del uso de este sitio web.<\/p>\n\t\t\t\t\t\t<\/div>\n\t\t\t\t<\/div>\n\t\t\t\t\t<\/div>\n\t\t<\/div>\n\t\t\t\t\t\t\t<\/div>\n\t\t<\/section>\n\t\t\t\t\t\t\t<\/div>\n\t\t","protected":false},"excerpt":{"rendered":"<p>Este aviso legal regula la navegaci\u00f3n y el uso del web www.xbtc.cat (\u201cweb\u201d) de la Xarxa de Bancs de Tumors de Catalunya (XBTC). El responsable del web de la XBTC es su nodo coordinador: Fundaci\u00f3 de Recerca Cl\u00ednic Barcelona-Institut d\u2019Investigacions Biom\u00e8diques August Pi i Sunyer (FRCB-IDIBAPS), con CIF G59319681, y domicilio en la calle Rossell\u00f3,&hellip;<\/p>\n","protected":false},"author":2,"featured_media":0,"parent":0,"menu_order":40,"comment_status":"closed","ping_status":"closed","template":"","meta":{"footnotes":""},"class_list":["post-14499","page","type-page","status-publish","hentry"],"_links":{"self":[{"href":"https:\/\/www.xbtc.cat\/es\/wp-json\/wp\/v2\/pages\/14499","targetHints":{"allow":["GET"]}}],"collection":[{"href":"https:\/\/www.xbtc.cat\/es\/wp-json\/wp\/v2\/pages"}],"about":[{"href":"https:\/\/www.xbtc.cat\/es\/wp-json\/wp\/v2\/types\/page"}],"author":[{"embeddable":true,"href":"https:\/\/www.xbtc.cat\/es\/wp-json\/wp\/v2\/users\/2"}],"replies":[{"embeddable":true,"href":"https:\/\/www.xbtc.cat\/es\/wp-json\/wp\/v2\/comments?post=14499"}],"version-history":[{"count":3,"href":"https:\/\/www.xbtc.cat\/es\/wp-json\/wp\/v2\/pages\/14499\/revisions"}],"predecessor-version":[{"id":14502,"href":"https:\/\/www.xbtc.cat\/es\/wp-json\/wp\/v2\/pages\/14499\/revisions\/14502"}],"wp:attachment":[{"href":"https:\/\/www.xbtc.cat\/es\/wp-json\/wp\/v2\/media?parent=14499"}],"curies":[{"name":"wp","href":"https:\/\/api.w.org\/{rel}","templated":true}]}}