{"id":14484,"date":"2023-07-17T11:07:39","date_gmt":"2023-07-17T11:07:39","guid":{"rendered":"https:\/\/www.xbtc.cat\/privacidad\/"},"modified":"2023-10-01T17:47:01","modified_gmt":"2023-10-01T17:47:01","slug":"privacidad","status":"publish","type":"page","link":"https:\/\/www.xbtc.cat\/es\/privacidad\/","title":{"rendered":"Privacidad"},"content":{"rendered":"\t\t<div data-elementor-type=\"wp-page\" data-elementor-id=\"14484\" class=\"elementor elementor-14484 elementor-12461\" data-elementor-post-type=\"page\">\n\t\t\t\t\t\t\t\t\t<section class=\"elementor-section elementor-top-section elementor-element elementor-element-691aec9 elementor-section-boxed elementor-section-height-default elementor-section-height-default\" data-id=\"691aec9\" data-element_type=\"section\">\n\t\t\t\t\t\t<div class=\"elementor-container elementor-column-gap-wider\">\n\t\t\t\t\t<div class=\"elementor-column elementor-col-100 elementor-top-column elementor-element elementor-element-9022588\" data-id=\"9022588\" data-element_type=\"column\">\n\t\t\t<div class=\"elementor-widget-wrap elementor-element-populated\">\n\t\t\t\t\t\t\t\t<div class=\"elementor-element elementor-element-223cd16 elementor-widget elementor-widget-text-editor\" data-id=\"223cd16\" data-element_type=\"widget\" data-widget_type=\"text-editor.default\">\n\t\t\t\t<div class=\"elementor-widget-container\">\n\t\t\t\t\t\t\t<p>El responsable del tratamiento de tus datos como usuario del web www.xbtc.cat es el nodo coordinador de la Xarxa de Bancs de Tumors de Catalunya (XBTC):<\/p>\n<p>Nombre: Fundaci\u00f3 de Recerca Cl\u00ednic Barcelona-Institut d\u2019Investigacions Biom\u00e8diques August Pi i Sunyer (FRCB-IDIBAPS)<br \/>CIF: G59319681<br \/>Adre\u00e7a: C\/ Rossell\u00f3, 149-153 \u2013 08036 Barcelona<br \/>Tel\u00e9fono: +34 93 227 57 07<br \/>Email: protecciodades@recerca.clinic.cat<\/p>\n<p>Para m\u00e1s informaci\u00f3n, consulta la <a href=\"https:\/\/www.clinicbarcelona.org\/ca\/politica-de-privacitat-fundacio-de-recerca-clinic-barcelona-institut-dinvestigacions-biomediques-august-pi-i-sunyer\" target=\"_blank\" rel=\"noopener\">pol\u00edtica de privacidad de la FRCB-IDIBAPS<\/a>.<\/p>\n\t\t\t\t\t\t<\/div>\n\t\t\t\t<\/div>\n\t\t\t\t\t<\/div>\n\t\t<\/div>\n\t\t\t\t\t\t\t<\/div>\n\t\t<\/section>\n\t\t\t\t\t\t\t<\/div>\n\t\t","protected":false},"excerpt":{"rendered":"<p>El responsable del tratamiento de tus datos como usuario del web www.xbtc.cat es el nodo coordinador de la Xarxa de Bancs de Tumors de Catalunya (XBTC): Nombre: Fundaci\u00f3 de Recerca Cl\u00ednic Barcelona-Institut d\u2019Investigacions Biom\u00e8diques August Pi i Sunyer (FRCB-IDIBAPS)CIF: G59319681Adre\u00e7a: C\/ Rossell\u00f3, 149-153 \u2013 08036 BarcelonaTel\u00e9fono: +34 93 227 57 07Email: protecciodades@recerca.clinic.cat Para m\u00e1s informaci\u00f3n,&hellip;<\/p>\n","protected":false},"author":1,"featured_media":0,"parent":0,"menu_order":40,"comment_status":"closed","ping_status":"closed","template":"","meta":{"footnotes":""},"class_list":["post-14484","page","type-page","status-publish","hentry"],"_links":{"self":[{"href":"https:\/\/www.xbtc.cat\/es\/wp-json\/wp\/v2\/pages\/14484","targetHints":{"allow":["GET"]}}],"collection":[{"href":"https:\/\/www.xbtc.cat\/es\/wp-json\/wp\/v2\/pages"}],"about":[{"href":"https:\/\/www.xbtc.cat\/es\/wp-json\/wp\/v2\/types\/page"}],"author":[{"embeddable":true,"href":"https:\/\/www.xbtc.cat\/es\/wp-json\/wp\/v2\/users\/1"}],"replies":[{"embeddable":true,"href":"https:\/\/www.xbtc.cat\/es\/wp-json\/wp\/v2\/comments?post=14484"}],"version-history":[{"count":3,"href":"https:\/\/www.xbtc.cat\/es\/wp-json\/wp\/v2\/pages\/14484\/revisions"}],"predecessor-version":[{"id":14487,"href":"https:\/\/www.xbtc.cat\/es\/wp-json\/wp\/v2\/pages\/14484\/revisions\/14487"}],"wp:attachment":[{"href":"https:\/\/www.xbtc.cat\/es\/wp-json\/wp\/v2\/media?parent=14484"}],"curies":[{"name":"wp","href":"https:\/\/api.w.org\/{rel}","templated":true}]}}