{"id":14426,"date":"2021-10-01T13:01:38","date_gmt":"2021-10-01T13:01:38","guid":{"rendered":"https:\/\/www.xbtc.cat\/legislacion\/"},"modified":"2023-09-30T17:57:50","modified_gmt":"2023-09-30T17:57:50","slug":"legislacion","status":"publish","type":"page","link":"https:\/\/www.xbtc.cat\/es\/legislacion\/","title":{"rendered":"Legislaci\u00f3n"},"content":{"rendered":"\t\t<div data-elementor-type=\"wp-page\" data-elementor-id=\"14426\" class=\"elementor elementor-14426 elementor-5475\" data-elementor-post-type=\"page\">\n\t\t\t\t\t\t\t\t\t<section class=\"elementor-section elementor-top-section elementor-element elementor-element-691aec9 elementor-section-boxed elementor-section-height-default elementor-section-height-default\" data-id=\"691aec9\" data-element_type=\"section\">\n\t\t\t\t\t\t<div class=\"elementor-container elementor-column-gap-wider\">\n\t\t\t\t\t<div class=\"elementor-column elementor-col-100 elementor-top-column elementor-element elementor-element-9022588\" data-id=\"9022588\" data-element_type=\"column\">\n\t\t\t<div class=\"elementor-widget-wrap elementor-element-populated\">\n\t\t\t\t\t\t\t\t<div class=\"elementor-element elementor-element-57eabff elementor-widget elementor-widget-image\" data-id=\"57eabff\" data-element_type=\"widget\" data-widget_type=\"image.default\">\n\t\t\t\t<div class=\"elementor-widget-container\">\n\t\t\t\t\t\t\t\t\t\t\t\t\t\t\t<img loading=\"lazy\" decoding=\"async\" width=\"1000\" height=\"250\" src=\"https:\/\/www.xbtc.cat\/wp-content\/uploads\/2023\/09\/XBTC_legislacio_02.jpg\" class=\"attachment-large size-large wp-image-14306\" alt=\"XBTC - Xarxa de Bancs de Tumors de Catalunya\" srcset=\"https:\/\/www.xbtc.cat\/wp-content\/uploads\/2023\/09\/XBTC_legislacio_02.jpg 1000w, https:\/\/www.xbtc.cat\/wp-content\/uploads\/2023\/09\/XBTC_legislacio_02-300x75.jpg 300w, https:\/\/www.xbtc.cat\/wp-content\/uploads\/2023\/09\/XBTC_legislacio_02-768x192.jpg 768w\" sizes=\"auto, (max-width: 1000px) 100vw, 1000px\" \/>\t\t\t\t\t\t\t\t\t\t\t\t\t\t\t<\/div>\n\t\t\t\t<\/div>\n\t\t\t\t<div class=\"elementor-element elementor-element-5f5799e elementor-widget elementor-widget-spacer\" data-id=\"5f5799e\" data-element_type=\"widget\" data-widget_type=\"spacer.default\">\n\t\t\t\t<div class=\"elementor-widget-container\">\n\t\t\t\t\t<div class=\"elementor-spacer\">\n\t\t\t<div class=\"elementor-spacer-inner\"><\/div>\n\t\t<\/div>\n\t\t\t\t<\/div>\n\t\t\t\t<\/div>\n\t\t\t\t<div class=\"elementor-element elementor-element-223cd16 elementor-widget elementor-widget-text-editor\" data-id=\"223cd16\" data-element_type=\"widget\" data-widget_type=\"text-editor.default\">\n\t\t\t\t<div class=\"elementor-widget-container\">\n\t\t\t\t\t\t\t<p><span style=\"background-color: rgba(255, 255, 255, 0); letter-spacing: var(--the7-base-letter-spacing); text-transform: var(--the7-base-text-transform); word-spacing: normal;\">La <a href=\"https:\/\/www.xbtc.cat\/es\/la-xbtc\/\">Xarxa de Bancs de Tumors de Catalunya<\/a> (XBTC) se adhiere a los est\u00e1ndares \u00e9ticos y legales vigentes y proporciona muestras que se recogen de acuerdo con todas las leyes estatales e internacionales aplicables:<\/span><\/p>\n<ul>\n<li>\n<p>BOE n\u00ba 274 de 15\/11\/2002. <strong>Ley 41\/2002<\/strong>, de 14 de noviembre, b\u00e1sica reguladora de la autonom\u00eda del paciente y de derechos y obligaciones en materia de informaci\u00f3n y documentaci\u00f3n cl\u00ednica.<\/p>\n<\/li>\n<li>\n<p>BOE n\u00ba 159 de 4\/7\/2007. <strong>Ley 14\/2007<\/strong>, de 3 de julio, de investigaci\u00f3n biom\u00e9dica.<\/p>\n<\/li>\n<li>\n<p>BOE n\u00ba 290 de 2\/12\/2011. <strong>Real decreto 1716\/2011<\/strong>, de 18 de noviembre, por el que se establecen los requisitos b\u00e1sicos de autorizaci\u00f3n y funcionamiento de los biobancos con fines de investigaci\u00f3n biom\u00e9dica y del tratamiento de las muestras biol\u00f3gicas de origen humano, y se regula el funcionamiento y organizaci\u00f3n del Registro nacional de biobancos para investigaci\u00f3n biom\u00e9dica.<\/p>\n<\/li>\n<li>\n<p>BOE n\u00ba 177 de 25\/7\/2013. <strong>Orden ECC\/1404\/2013<\/strong>, de 28 de junio, por la que se modifica el anexo del Real Decreto 1716\/2011, de 18 de noviembre.<\/p>\n<\/li>\n<li>\n<p>DOGC n\u00ba 6482 de 17\/10\/2013. <strong>Decreto 234\/2013<\/strong>, de 15 de octubre, por el que se regulan la autorizaci\u00f3n para la constituci\u00f3n y el funcionamiento de los biobancos con fines de investigaci\u00f3n biom\u00e9dica en Catalu\u00f1a y de la Xarxa Catalana de Biobancs.<\/p>\n<\/li>\n<li>\n<p>BOE n\u00ba 307 de 24\/12\/2015. <strong>Real Decreto 1090\/2015<\/strong>, de 4 de diciembre, por el que se regulan los ensayos cl\u00ednicos con medicamentos, los Comit\u00e9s de \u00c9tica de la Investigaci\u00f3n con medicamentos y el Registro Espa\u00f1ol de Estudios Cl\u00ednicos.<\/p>\n<\/li>\n<li>\n<p>DO L 119 de 4\/5\/2016. <strong>Reglamento (UE) 2016\/679<\/strong> del Parlamento Europeo y del Consejo para la Protecci\u00f3n de las personas f\u00edsicas en lo que se refiere al tratamiento de datos personales y a la libre circulaci\u00f3n de estos datos y por el que se deroga la Directiva 95\/46\/CE (Reglamento general de protecci\u00f3n de datos).<\/p>\n<\/li>\n<li>\n<p>BOE n\u00ba 294 de 6\/12\/2018. <strong>Ley Org\u00e1nica 3\/2018<\/strong>, de 5 de diciembre, de Protecci\u00f3n de Datos Personales y garant\u00eda de los derechos digitales.<\/p>\n<\/li>\n<\/ul>\n\t\t\t\t\t\t<\/div>\n\t\t\t\t<\/div>\n\t\t\t\t\t<\/div>\n\t\t<\/div>\n\t\t\t\t\t\t\t<\/div>\n\t\t<\/section>\n\t\t\t\t\t\t\t<\/div>\n\t\t","protected":false},"excerpt":{"rendered":"<p>La Xarxa de Bancs de Tumors de Catalunya (XBTC) se adhiere a los est\u00e1ndares \u00e9ticos y legales vigentes y proporciona muestras que se recogen de acuerdo con todas las leyes estatales e internacionales aplicables: BOE n\u00ba 274 de 15\/11\/2002. Ley 41\/2002, de 14 de noviembre, b\u00e1sica reguladora de la autonom\u00eda del paciente y de derechos&hellip;<\/p>\n","protected":false},"author":2,"featured_media":0,"parent":0,"menu_order":40,"comment_status":"closed","ping_status":"closed","template":"","meta":{"footnotes":""},"class_list":["post-14426","page","type-page","status-publish","hentry"],"_links":{"self":[{"href":"https:\/\/www.xbtc.cat\/es\/wp-json\/wp\/v2\/pages\/14426","targetHints":{"allow":["GET"]}}],"collection":[{"href":"https:\/\/www.xbtc.cat\/es\/wp-json\/wp\/v2\/pages"}],"about":[{"href":"https:\/\/www.xbtc.cat\/es\/wp-json\/wp\/v2\/types\/page"}],"author":[{"embeddable":true,"href":"https:\/\/www.xbtc.cat\/es\/wp-json\/wp\/v2\/users\/2"}],"replies":[{"embeddable":true,"href":"https:\/\/www.xbtc.cat\/es\/wp-json\/wp\/v2\/comments?post=14426"}],"version-history":[{"count":1,"href":"https:\/\/www.xbtc.cat\/es\/wp-json\/wp\/v2\/pages\/14426\/revisions"}],"predecessor-version":[{"id":14427,"href":"https:\/\/www.xbtc.cat\/es\/wp-json\/wp\/v2\/pages\/14426\/revisions\/14427"}],"wp:attachment":[{"href":"https:\/\/www.xbtc.cat\/es\/wp-json\/wp\/v2\/media?parent=14426"}],"curies":[{"name":"wp","href":"https:\/\/api.w.org\/{rel}","templated":true}]}}