{"id":14224,"date":"2023-07-31T16:39:59","date_gmt":"2023-07-31T16:39:59","guid":{"rendered":"https:\/\/www.xbtc.cat\/comunidad-cientifica\/muestras\/muestras-de-tejidos\/"},"modified":"2023-09-30T17:22:34","modified_gmt":"2023-09-30T17:22:34","slug":"muestras-de-tejidos","status":"publish","type":"page","link":"https:\/\/www.xbtc.cat\/es\/comunidad-cientifica\/muestras\/muestras-de-tejidos\/","title":{"rendered":"Muestras de tejidos"},"content":{"rendered":"\t\t<div data-elementor-type=\"wp-page\" data-elementor-id=\"14224\" class=\"elementor elementor-14224 elementor-14084\" data-elementor-post-type=\"page\">\n\t\t\t\t\t\t\t\t\t<section class=\"elementor-section elementor-top-section elementor-element elementor-element-691aec9 elementor-section-boxed elementor-section-height-default elementor-section-height-default\" data-id=\"691aec9\" data-element_type=\"section\">\n\t\t\t\t\t\t<div class=\"elementor-container elementor-column-gap-wider\">\n\t\t\t\t\t<div class=\"elementor-column elementor-col-100 elementor-top-column elementor-element elementor-element-9022588\" data-id=\"9022588\" data-element_type=\"column\">\n\t\t\t<div class=\"elementor-widget-wrap elementor-element-populated\">\n\t\t\t\t\t\t\t\t<div class=\"elementor-element elementor-element-57eabff elementor-widget elementor-widget-image\" data-id=\"57eabff\" data-element_type=\"widget\" data-widget_type=\"image.default\">\n\t\t\t\t<div class=\"elementor-widget-container\">\n\t\t\t\t\t\t\t\t\t\t\t\t\t\t\t<img loading=\"lazy\" decoding=\"async\" width=\"1024\" height=\"256\" src=\"https:\/\/www.xbtc.cat\/wp-content\/uploads\/2023\/09\/XBTC_mostres_teixit-1024x256.jpg\" class=\"attachment-large size-large wp-image-14262\" alt=\"XBTC - Xarxa de Bancs de Tumors de Catalunya\" srcset=\"https:\/\/www.xbtc.cat\/wp-content\/uploads\/2023\/09\/XBTC_mostres_teixit-1024x256.jpg 1024w, https:\/\/www.xbtc.cat\/wp-content\/uploads\/2023\/09\/XBTC_mostres_teixit-300x75.jpg 300w, https:\/\/www.xbtc.cat\/wp-content\/uploads\/2023\/09\/XBTC_mostres_teixit-768x192.jpg 768w, https:\/\/www.xbtc.cat\/wp-content\/uploads\/2023\/09\/XBTC_mostres_teixit-1536x384.jpg 1536w, https:\/\/www.xbtc.cat\/wp-content\/uploads\/2023\/09\/XBTC_mostres_teixit.jpg 2000w\" sizes=\"auto, (max-width: 1024px) 100vw, 1024px\" \/>\t\t\t\t\t\t\t\t\t\t\t\t\t\t\t<\/div>\n\t\t\t\t<\/div>\n\t\t\t\t<div class=\"elementor-element elementor-element-5f5799e elementor-widget elementor-widget-spacer\" data-id=\"5f5799e\" data-element_type=\"widget\" data-widget_type=\"spacer.default\">\n\t\t\t\t<div class=\"elementor-widget-container\">\n\t\t\t\t\t<div class=\"elementor-spacer\">\n\t\t\t<div class=\"elementor-spacer-inner\"><\/div>\n\t\t<\/div>\n\t\t\t\t<\/div>\n\t\t\t\t<\/div>\n\t\t\t\t<div class=\"elementor-element elementor-element-223cd16 elementor-widget elementor-widget-text-editor\" data-id=\"223cd16\" data-element_type=\"widget\" data-widget_type=\"text-editor.default\">\n\t\t\t\t<div class=\"elementor-widget-container\">\n\t\t\t\t\t\t\t<p><span style=\"background-color: rgba(255, 255, 255, 0); letter-spacing: var(--the7-base-letter-spacing); text-transform: var(--the7-base-text-transform); word-spacing: normal;\">Las m<\/span>uestras de tejido se obtienen de biopsias, piezas de quir\u00f3fano o autopsias. Son muestras excedentes del proceso diagn\u00f3stico y pueden preservarse en diferentes formatos:<\/p>\n<ul>\n<li>\n<p><strong>Tejido parafinado<\/strong>: es el formato cl\u00e1sico para realizar un diagn\u00f3stico gracias a su facilidad de procesado y almacenamiento a temperatura ambiente. La morfolog\u00eda del tejido se preserva intacta, por tanto, es \u00fatil para realizar tinciones histoqu\u00edmicas e inmunohistoqu\u00edmicas. Actualmente, gracias a la optimizaci\u00f3n de los kits comerciales de extracci\u00f3n de DNA y RNA, tambi\u00e9n se utiliza en t\u00e9cnicas de biolog\u00eda molecular aunque debe tenerse en cuenta la posible degradaci\u00f3n de los \u00e1cidos nucleicos.<\/p>\n<\/li>\n<li>\n<p><strong>Tejido congelado (en OCT o <em>flash frozen<\/em>)<\/strong>: es un formato que se utiliza para investigar ya que preserva biomol\u00e9culas como el DNA, el RNA y prote\u00ednas y, por tanto, permite realizar an\u00e1lisis gen\u00f3micos, transcript\u00f3micos o de prote\u00f3mica. El tejido se sumerge en el medio de <em> Optimal Cutting Temperature<\/em> (OCT) o directamente en nitr\u00f3geno l\u00edquido (<em>flash frozen<\/em>).<\/p>\n<\/li>\n<li>\n<p><strong>Tejido en fresco<\/strong>: los protocolos de recogida son variables y se adaptan a las necesidades de cada proyecto. El formato permite no fijar la muestra y, por tanto, poder realizar aislamientos o cultivos celulares.<\/p>\n<\/li>\n<\/ul>\n\t\t\t\t\t\t<\/div>\n\t\t\t\t<\/div>\n\t\t\t\t\t<\/div>\n\t\t<\/div>\n\t\t\t\t\t\t\t<\/div>\n\t\t<\/section>\n\t\t\t\t\t\t\t<\/div>\n\t\t","protected":false},"excerpt":{"rendered":"<p>Las muestras de tejido se obtienen de biopsias, piezas de quir\u00f3fano o autopsias. Son muestras excedentes del proceso diagn\u00f3stico y pueden preservarse en diferentes formatos: Tejido parafinado: es el formato cl\u00e1sico para realizar un diagn\u00f3stico gracias a su facilidad de procesado y almacenamiento a temperatura ambiente. La morfolog\u00eda del tejido se preserva intacta, por tanto,&hellip;<\/p>\n","protected":false},"author":2,"featured_media":0,"parent":14220,"menu_order":40,"comment_status":"closed","ping_status":"closed","template":"","meta":{"footnotes":""},"class_list":["post-14224","page","type-page","status-publish","hentry"],"_links":{"self":[{"href":"https:\/\/www.xbtc.cat\/es\/wp-json\/wp\/v2\/pages\/14224","targetHints":{"allow":["GET"]}}],"collection":[{"href":"https:\/\/www.xbtc.cat\/es\/wp-json\/wp\/v2\/pages"}],"about":[{"href":"https:\/\/www.xbtc.cat\/es\/wp-json\/wp\/v2\/types\/page"}],"author":[{"embeddable":true,"href":"https:\/\/www.xbtc.cat\/es\/wp-json\/wp\/v2\/users\/2"}],"replies":[{"embeddable":true,"href":"https:\/\/www.xbtc.cat\/es\/wp-json\/wp\/v2\/comments?post=14224"}],"version-history":[{"count":3,"href":"https:\/\/www.xbtc.cat\/es\/wp-json\/wp\/v2\/pages\/14224\/revisions"}],"predecessor-version":[{"id":14410,"href":"https:\/\/www.xbtc.cat\/es\/wp-json\/wp\/v2\/pages\/14224\/revisions\/14410"}],"up":[{"embeddable":true,"href":"https:\/\/www.xbtc.cat\/es\/wp-json\/wp\/v2\/pages\/14220"}],"wp:attachment":[{"href":"https:\/\/www.xbtc.cat\/es\/wp-json\/wp\/v2\/media?parent=14224"}],"curies":[{"name":"wp","href":"https:\/\/api.w.org\/{rel}","templated":true}]}}