{"id":13561,"date":"2020-04-07T13:53:27","date_gmt":"2020-04-07T13:53:27","guid":{"rendered":"https:\/\/www.xbtc.cat\/homepage\/"},"modified":"2023-11-22T09:43:08","modified_gmt":"2023-11-22T09:43:08","slug":"homepage","status":"publish","type":"page","link":"https:\/\/www.xbtc.cat\/es\/","title":{"rendered":"Homepage"},"content":{"rendered":"\t\t<div data-elementor-type=\"wp-page\" data-elementor-id=\"13561\" class=\"elementor elementor-13561 elementor-8040\" data-elementor-post-type=\"page\">\n\t\t\t\t\t\t\t\t\t<section class=\"elementor-section elementor-top-section elementor-element elementor-element-c8d6a43 elementor-section-boxed elementor-section-height-default elementor-section-height-default\" data-id=\"c8d6a43\" data-element_type=\"section\" data-settings=\"{&quot;background_background&quot;:&quot;video&quot;,&quot;background_video_link&quot;:&quot;https:\\\/\\\/www.xbtc.cat\\\/wp-content\\\/uploads\\\/2023\\\/10\\\/xbtc-video-home.mp4&quot;,&quot;background_play_on_mobile&quot;:&quot;yes&quot;}\">\n\t\t\t\t\t\t\t\t<div class=\"elementor-background-video-container\">\n\t\t\t\t\t\t\t\t\t\t\t\t\t<video class=\"elementor-background-video-hosted elementor-html5-video\" autoplay muted playsinline loop><\/video>\n\t\t\t\t\t\t\t\t\t\t\t<\/div>\n\t\t\t\t\t\t\t\t\t<div class=\"elementor-background-overlay\"><\/div>\n\t\t\t\t\t\t\t<div class=\"elementor-container elementor-column-gap-wider\">\n\t\t\t\t\t<div class=\"elementor-column elementor-col-100 elementor-top-column elementor-element elementor-element-babf8ec\" data-id=\"babf8ec\" data-element_type=\"column\">\n\t\t\t<div class=\"elementor-widget-wrap\">\n\t\t\t\t\t\t\t\t\t<\/div>\n\t\t<\/div>\n\t\t\t\t\t\t\t<\/div>\n\t\t<\/section>\n\t\t\t\t<section class=\"elementor-section elementor-top-section elementor-element elementor-element-be2b6a5 elementor-section-boxed elementor-section-height-default elementor-section-height-default\" data-id=\"be2b6a5\" data-element_type=\"section\" id=\"services\">\n\t\t\t\t\t\t<div class=\"elementor-container elementor-column-gap-no\">\n\t\t\t\t\t<div class=\"elementor-column elementor-col-50 elementor-top-column elementor-element elementor-element-e66f33e\" data-id=\"e66f33e\" data-element_type=\"column\" data-settings=\"{&quot;background_background&quot;:&quot;classic&quot;}\">\n\t\t\t<div class=\"elementor-widget-wrap elementor-element-populated\">\n\t\t\t\t\t\t\t\t<div class=\"elementor-element elementor-element-9f00e00 elementor-view-default elementor-widget elementor-widget-icon\" data-id=\"9f00e00\" data-element_type=\"widget\" data-widget_type=\"icon.default\">\n\t\t\t\t<div class=\"elementor-widget-container\">\n\t\t\t\t\t<div class=\"elementor-icon-wrapper\">\n\t\t\t<div class=\"elementor-icon\">\n\t\t\t<i aria-hidden=\"true\" class=\"fas fa-microscope\"><\/i>\t\t\t<\/div>\n\t\t<\/div>\n\t\t\t\t<\/div>\n\t\t\t\t<\/div>\n\t\t\t\t<div class=\"elementor-element elementor-element-9bfd502 icon-vertical-align-center content-align-center icon-position-left elementor-widget elementor-widget-the7_icon_box_grid_widget\" data-id=\"9bfd502\" data-element_type=\"widget\" data-widget_type=\"the7_icon_box_grid_widget.default\">\n\t\t\t\t<div class=\"elementor-widget-container\">\n\t\t\t<div class=\"the7-box-grid-wrapper the7-elementor-widget loading-effect-none the7_icon_box_grid_widget-9bfd502\">\t\t\t<div class=\"dt-css-grid\">\n\t\t\t\t\t\t\t\t\t<div class=\"wf-cell shown\">\n\t\t\t\t\t\t<a class=\"the7-icon-box-grid box-hover\" href=\"https:\/\/www.xbtc.cat\/es\/comunidad-cientifica\/que-hacemos\/\">\t\t\t\t\t\t\t<div class=\"box-content-wrapper\">\n\t\t\t\t\t\t\t\t\t\t\t\t\t\t\t\t<div class=\"box-content\">\n\t\t\t\t\t\t\t\t\t\t\t\t\t\t\t\t\t\t\t\t\t\t\t\t\t\t\t\t\t<h4 class=\"box-heading\">\n\t\t\t\t\t\t\t\t\t\t\t\t\t\t\t\t\t\t\t\t\t\t\tComunidad cient\u00edfica\t\t\t\t\t\t\t\t\t\t\t\t\t\t\t\t\t\t\t\t\t<\/h4>\n\t\t\t\t\t\t\t\t\t\t\t\t\t\t\t\t\t\t\t\t\t\t\t\t\t\t\t\t<div class=\"box-description\">Te ofrecemos m\u00e1s de 3 millones de muestras tumorales para la investigaci\u00f3n biom\u00e9dica<\/div>\n\t\t\t\t\t\t\t\t\t\t\t\t\t\t\t\t\t\t<div class=\"box-button elementor-button elementor-size-md\">M\u00e1s informaci\u00f3n<\/div>\t\t\t\t\t\t\t\t<\/div>\n\t\t\t\t\t\t\t<\/div>\n\t\t\t\t\t\t<\/a>\t\t\t\t\t<\/div>\n\t\t\t\t\t\t\t<\/div>\n\t\t<\/div>\t\t<\/div>\n\t\t\t\t<\/div>\n\t\t\t\t\t<\/div>\n\t\t<\/div>\n\t\t\t\t<div class=\"elementor-column elementor-col-50 elementor-top-column elementor-element elementor-element-2a30ad0\" data-id=\"2a30ad0\" data-element_type=\"column\">\n\t\t\t<div class=\"elementor-widget-wrap elementor-element-populated\">\n\t\t\t\t\t\t\t\t<div class=\"elementor-element elementor-element-8daf400 elementor-view-default elementor-widget elementor-widget-icon\" data-id=\"8daf400\" data-element_type=\"widget\" data-widget_type=\"icon.default\">\n\t\t\t\t<div class=\"elementor-widget-container\">\n\t\t\t\t\t<div class=\"elementor-icon-wrapper\">\n\t\t\t<div class=\"elementor-icon\">\n\t\t\t<i aria-hidden=\"true\" class=\"fas fa-user-friends\"><\/i>\t\t\t<\/div>\n\t\t<\/div>\n\t\t\t\t<\/div>\n\t\t\t\t<\/div>\n\t\t\t\t<div class=\"elementor-element elementor-element-0c27a55 icon-vertical-align-center content-align-center icon-position-left elementor-widget elementor-widget-the7_icon_box_grid_widget\" data-id=\"0c27a55\" data-element_type=\"widget\" data-widget_type=\"the7_icon_box_grid_widget.default\">\n\t\t\t\t<div class=\"elementor-widget-container\">\n\t\t\t<div class=\"the7-box-grid-wrapper the7-elementor-widget loading-effect-none the7_icon_box_grid_widget-0c27a55\">\t\t\t<div class=\"dt-css-grid\">\n\t\t\t\t\t\t\t\t\t<div class=\"wf-cell shown\">\n\t\t\t\t\t\t<a class=\"the7-icon-box-grid box-hover\" href=\"https:\/\/www.xbtc.cat\/es\/donantes\/que-hacemos\/\">\t\t\t\t\t\t\t<div class=\"box-content-wrapper\">\n\t\t\t\t\t\t\t\t\t\t\t\t\t\t\t\t<div class=\"box-content\">\n\t\t\t\t\t\t\t\t\t\t\t\t\t\t\t\t\t\t\t\t\t\t\t\t\t\t\t\t\t<h4 class=\"box-heading\">\n\t\t\t\t\t\t\t\t\t\t\t\t\t\t\t\t\t\t\t\t\t\t\tDonantes\t\t\t\t\t\t\t\t\t\t\t\t\t\t\t\t\t\t\t\t\t<\/h4>\n\t\t\t\t\t\t\t\t\t\t\t\t\t\t\t\t\t\t\t\t\t\t\t\t\t\t\t\t<div class=\"box-description\">Tu colaboraci\u00f3n ayudar\u00e1 a avanzar en la lucha contra el c\u00e1ncer y otras enfermedades<\/div>\n\t\t\t\t\t\t\t\t\t\t\t\t\t\t\t\t\t\t<div class=\"box-button elementor-button elementor-size-md\">M\u00e1s informaci\u00f3n<\/div>\t\t\t\t\t\t\t\t<\/div>\n\t\t\t\t\t\t\t<\/div>\n\t\t\t\t\t\t<\/a>\t\t\t\t\t<\/div>\n\t\t\t\t\t\t\t<\/div>\n\t\t<\/div>\t\t<\/div>\n\t\t\t\t<\/div>\n\t\t\t\t\t<\/div>\n\t\t<\/div>\n\t\t\t\t\t\t\t<\/div>\n\t\t<\/section>\n\t\t\t\t<section class=\"elementor-section elementor-top-section elementor-element elementor-element-d285390 elementor-section-boxed elementor-section-height-default elementor-section-height-default\" data-id=\"d285390\" data-element_type=\"section\">\n\t\t\t\t\t\t<div class=\"elementor-container elementor-column-gap-wider\">\n\t\t\t\t\t<div class=\"elementor-column elementor-col-100 elementor-top-column elementor-element elementor-element-cceb5ff\" data-id=\"cceb5ff\" data-element_type=\"column\">\n\t\t\t<div class=\"elementor-widget-wrap elementor-element-populated\">\n\t\t\t\t\t\t\t\t<div class=\"elementor-element elementor-element-be246d4 elementor-widget elementor-widget-heading\" data-id=\"be246d4\" data-element_type=\"widget\" data-widget_type=\"heading.default\">\n\t\t\t\t<div class=\"elementor-widget-container\">\n\t\t\t<h4 class=\"elementor-heading-title elementor-size-default\">La Xarxa de Bancs de Tumors de Catalunya est\u00e1 formada por<\/h4>\t\t<\/div>\n\t\t\t\t<\/div>\n\t\t\t\t<div class=\"elementor-element elementor-element-71f0d72 elementor-widget elementor-widget-spacer\" data-id=\"71f0d72\" data-element_type=\"widget\" data-widget_type=\"spacer.default\">\n\t\t\t\t<div class=\"elementor-widget-container\">\n\t\t\t\t\t<div class=\"elementor-spacer\">\n\t\t\t<div class=\"elementor-spacer-inner\"><\/div>\n\t\t<\/div>\n\t\t\t\t<\/div>\n\t\t\t\t<\/div>\n\t\t\t\t<section class=\"elementor-section elementor-inner-section elementor-element elementor-element-4283c37 elementor-section-boxed elementor-section-height-default elementor-section-height-default\" data-id=\"4283c37\" data-element_type=\"section\">\n\t\t\t\t\t\t<div class=\"elementor-container elementor-column-gap-no\">\n\t\t\t\t\t<div class=\"elementor-column elementor-col-16 elementor-inner-column elementor-element elementor-element-c13c539\" data-id=\"c13c539\" data-element_type=\"column\">\n\t\t\t<div class=\"elementor-widget-wrap elementor-element-populated\">\n\t\t\t\t\t\t\t\t<div class=\"elementor-element elementor-element-f3fb9b0 elementor-widget elementor-widget-image\" data-id=\"f3fb9b0\" data-element_type=\"widget\" data-widget_type=\"image.default\">\n\t\t\t\t<div class=\"elementor-widget-container\">\n\t\t\t\t\t\t\t\t\t\t\t\t\t\t\t\t<a href=\"https:\/\/www.clinicbarcelona.org\/ca\/idibaps\/core-facilities\/biobanc\" target=\"_blank\" rel=\"noopener\">\n\t\t\t\t\t\t\t<img loading=\"lazy\" decoding=\"async\" width=\"600\" height=\"400\" src=\"https:\/\/www.xbtc.cat\/wp-content\/uploads\/2023\/07\/XBTC_IDIBAPS.png\" class=\"attachment-full size-full wp-image-12119\" alt=\"Xarxa de Bancs de Tumors de Catalunya - IDIBAPS\" srcset=\"https:\/\/www.xbtc.cat\/wp-content\/uploads\/2023\/07\/XBTC_IDIBAPS.png 600w, https:\/\/www.xbtc.cat\/wp-content\/uploads\/2023\/07\/XBTC_IDIBAPS-300x200.png 300w\" sizes=\"auto, (max-width: 600px) 100vw, 600px\" \/>\t\t\t\t\t\t\t\t<\/a>\n\t\t\t\t\t\t\t\t\t\t\t\t\t\t\t<\/div>\n\t\t\t\t<\/div>\n\t\t\t\t\t<\/div>\n\t\t<\/div>\n\t\t\t\t<div class=\"elementor-column elementor-col-16 elementor-inner-column elementor-element elementor-element-a097b95\" data-id=\"a097b95\" data-element_type=\"column\">\n\t\t\t<div class=\"elementor-widget-wrap elementor-element-populated\">\n\t\t\t\t\t\t\t\t<div class=\"elementor-element elementor-element-cffeca1 elementor-widget elementor-widget-image\" data-id=\"cffeca1\" data-element_type=\"widget\" data-widget_type=\"image.default\">\n\t\t\t\t<div class=\"elementor-widget-container\">\n\t\t\t\t\t\t\t\t\t\t\t\t\t\t\t\t<a href=\"https:\/\/www.icsebre.cat\/wg\/htvc\/\" target=\"_blank\" rel=\"noopener\">\n\t\t\t\t\t\t\t<img loading=\"lazy\" decoding=\"async\" width=\"600\" height=\"400\" src=\"https:\/\/www.xbtc.cat\/wp-content\/uploads\/2023\/07\/XBTC_HTVC.png\" class=\"attachment-full size-full wp-image-12123\" alt=\"Xarxa de Bancs de Tumors de Catalunya - Hospital de Tortosa\" srcset=\"https:\/\/www.xbtc.cat\/wp-content\/uploads\/2023\/07\/XBTC_HTVC.png 600w, https:\/\/www.xbtc.cat\/wp-content\/uploads\/2023\/07\/XBTC_HTVC-300x200.png 300w\" sizes=\"auto, (max-width: 600px) 100vw, 600px\" \/>\t\t\t\t\t\t\t\t<\/a>\n\t\t\t\t\t\t\t\t\t\t\t\t\t\t\t<\/div>\n\t\t\t\t<\/div>\n\t\t\t\t\t<\/div>\n\t\t<\/div>\n\t\t\t\t<div class=\"elementor-column elementor-col-16 elementor-inner-column elementor-element elementor-element-1d3636f\" data-id=\"1d3636f\" data-element_type=\"column\">\n\t\t\t<div class=\"elementor-widget-wrap elementor-element-populated\">\n\t\t\t\t\t\t\t\t<div class=\"elementor-element elementor-element-96a6383 elementor-widget elementor-widget-image\" data-id=\"96a6383\" data-element_type=\"widget\" data-widget_type=\"image.default\">\n\t\t\t\t<div class=\"elementor-widget-container\">\n\t\t\t\t\t\t\t\t\t\t\t\t\t\t\t\t<a href=\"https:\/\/www.imim.es\/sct\/biobanc\/es_index.html\" target=\"_blank\" rel=\"noopener\">\n\t\t\t\t\t\t\t<img loading=\"lazy\" decoding=\"async\" width=\"600\" height=\"400\" src=\"https:\/\/www.xbtc.cat\/wp-content\/uploads\/2023\/07\/XBTC_HospitalMarResearchInstitute.png\" class=\"attachment-full size-full wp-image-12127\" alt=\"Xarxa de Bancs de Tumors de Catalunya - Hospital del Mar Research Institute\" srcset=\"https:\/\/www.xbtc.cat\/wp-content\/uploads\/2023\/07\/XBTC_HospitalMarResearchInstitute.png 600w, https:\/\/www.xbtc.cat\/wp-content\/uploads\/2023\/07\/XBTC_HospitalMarResearchInstitute-300x200.png 300w\" sizes=\"auto, (max-width: 600px) 100vw, 600px\" \/>\t\t\t\t\t\t\t\t<\/a>\n\t\t\t\t\t\t\t\t\t\t\t\t\t\t\t<\/div>\n\t\t\t\t<\/div>\n\t\t\t\t\t<\/div>\n\t\t<\/div>\n\t\t\t\t<div class=\"elementor-column elementor-col-16 elementor-inner-column elementor-element elementor-element-aa9c4e0\" data-id=\"aa9c4e0\" data-element_type=\"column\">\n\t\t\t<div class=\"elementor-widget-wrap elementor-element-populated\">\n\t\t\t\t\t\t\t\t<div class=\"elementor-element elementor-element-f2b4031 elementor-widget elementor-widget-image\" data-id=\"f2b4031\" data-element_type=\"widget\" data-widget_type=\"image.default\">\n\t\t\t\t<div class=\"elementor-widget-container\">\n\t\t\t\t\t\t\t\t\t\t\t\t\t\t\t\t<a href=\"https:\/\/icscampdetarragona.cat\/hj23-serveis\/\" target=\"_blank\" rel=\"noopener\">\n\t\t\t\t\t\t\t<img loading=\"lazy\" decoding=\"async\" width=\"600\" height=\"400\" src=\"https:\/\/www.xbtc.cat\/wp-content\/uploads\/2023\/07\/XBTC_HospitalJoanXXIII.png\" class=\"attachment-full size-full wp-image-12449\" alt=\"Xarxa de Bancs de Tumors de Catalunya - Hospital Joan XXIII\" srcset=\"https:\/\/www.xbtc.cat\/wp-content\/uploads\/2023\/07\/XBTC_HospitalJoanXXIII.png 600w, https:\/\/www.xbtc.cat\/wp-content\/uploads\/2023\/07\/XBTC_HospitalJoanXXIII-300x200.png 300w\" sizes=\"auto, (max-width: 600px) 100vw, 600px\" \/>\t\t\t\t\t\t\t\t<\/a>\n\t\t\t\t\t\t\t\t\t\t\t\t\t\t\t<\/div>\n\t\t\t\t<\/div>\n\t\t\t\t\t<\/div>\n\t\t<\/div>\n\t\t\t\t<div class=\"elementor-column elementor-col-16 elementor-inner-column elementor-element elementor-element-a506ee0\" data-id=\"a506ee0\" data-element_type=\"column\">\n\t\t\t<div class=\"elementor-widget-wrap elementor-element-populated\">\n\t\t\t\t\t\t\t\t<div class=\"elementor-element elementor-element-41e4e50 elementor-widget elementor-widget-image\" data-id=\"41e4e50\" data-element_type=\"widget\" data-widget_type=\"image.default\">\n\t\t\t\t<div class=\"elementor-widget-container\">\n\t\t\t\t\t\t\t\t\t\t\t\t\t\t\t\t<a href=\"https:\/\/idibell.cat\/serveis\/serveis-cientificotecnics\/biobanc-3\/\" target=\"_blank\" rel=\"noopener\">\n\t\t\t\t\t\t\t<img loading=\"lazy\" decoding=\"async\" width=\"600\" height=\"400\" src=\"https:\/\/www.xbtc.cat\/wp-content\/uploads\/2023\/07\/XBTC_IDIBELL.png\" class=\"attachment-full size-full wp-image-12159\" alt=\"Xarxa de Bancs de Tumors de Catalunya - IDIBELL\" srcset=\"https:\/\/www.xbtc.cat\/wp-content\/uploads\/2023\/07\/XBTC_IDIBELL.png 600w, https:\/\/www.xbtc.cat\/wp-content\/uploads\/2023\/07\/XBTC_IDIBELL-300x200.png 300w\" sizes=\"auto, (max-width: 600px) 100vw, 600px\" \/>\t\t\t\t\t\t\t\t<\/a>\n\t\t\t\t\t\t\t\t\t\t\t\t\t\t\t<\/div>\n\t\t\t\t<\/div>\n\t\t\t\t\t<\/div>\n\t\t<\/div>\n\t\t\t\t<div class=\"elementor-column elementor-col-16 elementor-inner-column elementor-element elementor-element-0b12d9f\" data-id=\"0b12d9f\" data-element_type=\"column\">\n\t\t\t<div class=\"elementor-widget-wrap elementor-element-populated\">\n\t\t\t\t\t\t\t\t<div class=\"elementor-element elementor-element-941be54 elementor-widget elementor-widget-image\" data-id=\"941be54\" data-element_type=\"widget\" data-widget_type=\"image.default\">\n\t\t\t\t<div class=\"elementor-widget-container\">\n\t\t\t\t\t\t\t\t\t\t\t\t\t\t\t\t<a href=\"https:\/\/idibgi.org\/biobanc\/\" target=\"_blank\" rel=\"noopener\">\n\t\t\t\t\t\t\t<img loading=\"lazy\" decoding=\"async\" width=\"600\" height=\"400\" src=\"https:\/\/www.xbtc.cat\/wp-content\/uploads\/2023\/07\/XBTC_IDIBGI.png\" class=\"attachment-full size-full wp-image-12132\" alt=\"\" srcset=\"https:\/\/www.xbtc.cat\/wp-content\/uploads\/2023\/07\/XBTC_IDIBGI.png 600w, https:\/\/www.xbtc.cat\/wp-content\/uploads\/2023\/07\/XBTC_IDIBGI-300x200.png 300w\" sizes=\"auto, (max-width: 600px) 100vw, 600px\" \/>\t\t\t\t\t\t\t\t<\/a>\n\t\t\t\t\t\t\t\t\t\t\t\t\t\t\t<\/div>\n\t\t\t\t<\/div>\n\t\t\t\t\t<\/div>\n\t\t<\/div>\n\t\t\t\t\t\t\t<\/div>\n\t\t<\/section>\n\t\t\t\t<section class=\"elementor-section elementor-inner-section elementor-element elementor-element-b222540 elementor-section-boxed elementor-section-height-default elementor-section-height-default\" data-id=\"b222540\" data-element_type=\"section\">\n\t\t\t\t\t\t<div class=\"elementor-container elementor-column-gap-no\">\n\t\t\t\t\t<div class=\"elementor-column elementor-col-20 elementor-inner-column elementor-element elementor-element-cde4315\" data-id=\"cde4315\" data-element_type=\"column\">\n\t\t\t<div class=\"elementor-widget-wrap elementor-element-populated\">\n\t\t\t\t\t\t\t\t<div class=\"elementor-element elementor-element-c59fd66 elementor-widget elementor-widget-image\" data-id=\"c59fd66\" data-element_type=\"widget\" data-widget_type=\"image.default\">\n\t\t\t\t<div class=\"elementor-widget-container\">\n\t\t\t\t\t\t\t\t\t\t\t\t\t\t\t\t<a href=\"https:\/\/www.germanstrias.org\/ca\/technology-services\/biobank\/\" target=\"_blank\" rel=\"noopener\">\n\t\t\t\t\t\t\t<img loading=\"lazy\" decoding=\"async\" width=\"600\" height=\"400\" src=\"https:\/\/www.xbtc.cat\/wp-content\/uploads\/2023\/07\/XBTC_IGTP.png\" class=\"attachment-full size-full wp-image-12349\" alt=\"Xarxa de Bancs de Tumors de Catalunya - IGTP\" srcset=\"https:\/\/www.xbtc.cat\/wp-content\/uploads\/2023\/07\/XBTC_IGTP.png 600w, https:\/\/www.xbtc.cat\/wp-content\/uploads\/2023\/07\/XBTC_IGTP-300x200.png 300w\" sizes=\"auto, (max-width: 600px) 100vw, 600px\" \/>\t\t\t\t\t\t\t\t<\/a>\n\t\t\t\t\t\t\t\t\t\t\t\t\t\t\t<\/div>\n\t\t\t\t<\/div>\n\t\t\t\t\t<\/div>\n\t\t<\/div>\n\t\t\t\t<div class=\"elementor-column elementor-col-20 elementor-inner-column elementor-element elementor-element-f6b51e1\" data-id=\"f6b51e1\" data-element_type=\"column\">\n\t\t\t<div class=\"elementor-widget-wrap elementor-element-populated\">\n\t\t\t\t\t\t\t\t<div class=\"elementor-element elementor-element-4512bda elementor-widget elementor-widget-image\" data-id=\"4512bda\" data-element_type=\"widget\" data-widget_type=\"image.default\">\n\t\t\t\t<div class=\"elementor-widget-container\">\n\t\t\t\t\t\t\t\t\t\t\t\t\t\t\t\t<a href=\"https:\/\/www.irsjd.org\/ca\/serveis-cientificotecnics\/biobanc-pediatric-per-a-la-recerca\/\" target=\"_blank\" rel=\"noopener\">\n\t\t\t\t\t\t\t<img loading=\"lazy\" decoding=\"async\" width=\"600\" height=\"400\" src=\"https:\/\/www.xbtc.cat\/wp-content\/uploads\/2023\/07\/XBTC_SJD_negre.png\" class=\"attachment-full size-full wp-image-12478\" alt=\"Xarxa de Bancs de Tumors de Catalunya - SJD\" srcset=\"https:\/\/www.xbtc.cat\/wp-content\/uploads\/2023\/07\/XBTC_SJD_negre.png 600w, https:\/\/www.xbtc.cat\/wp-content\/uploads\/2023\/07\/XBTC_SJD_negre-300x200.png 300w\" sizes=\"auto, (max-width: 600px) 100vw, 600px\" \/>\t\t\t\t\t\t\t\t<\/a>\n\t\t\t\t\t\t\t\t\t\t\t\t\t\t\t<\/div>\n\t\t\t\t<\/div>\n\t\t\t\t\t<\/div>\n\t\t<\/div>\n\t\t\t\t<div class=\"elementor-column elementor-col-20 elementor-inner-column elementor-element elementor-element-25eac92\" data-id=\"25eac92\" data-element_type=\"column\">\n\t\t\t<div class=\"elementor-widget-wrap elementor-element-populated\">\n\t\t\t\t\t\t\t\t<div class=\"elementor-element elementor-element-d461056 elementor-widget elementor-widget-image\" data-id=\"d461056\" data-element_type=\"widget\" data-widget_type=\"image.default\">\n\t\t\t\t<div class=\"elementor-widget-container\">\n\t\t\t\t\t\t\t\t\t\t\t\t\t\t\t\t<a href=\"http:\/\/newwebir.recercasantpau.cat\/plataformes\/biobanc\/\" target=\"_blank\" rel=\"noopener\">\n\t\t\t\t\t\t\t<img loading=\"lazy\" decoding=\"async\" width=\"600\" height=\"400\" src=\"https:\/\/www.xbtc.cat\/wp-content\/uploads\/2023\/07\/XBTC_IIBSantPau.png\" class=\"attachment-full size-full wp-image-12143\" alt=\"Xarxa de Bancs de Tumors de Catalunya - IIB Sant Pau\" srcset=\"https:\/\/www.xbtc.cat\/wp-content\/uploads\/2023\/07\/XBTC_IIBSantPau.png 600w, https:\/\/www.xbtc.cat\/wp-content\/uploads\/2023\/07\/XBTC_IIBSantPau-300x200.png 300w\" sizes=\"auto, (max-width: 600px) 100vw, 600px\" \/>\t\t\t\t\t\t\t\t<\/a>\n\t\t\t\t\t\t\t\t\t\t\t\t\t\t\t<\/div>\n\t\t\t\t<\/div>\n\t\t\t\t\t<\/div>\n\t\t<\/div>\n\t\t\t\t<div class=\"elementor-column elementor-col-20 elementor-inner-column elementor-element elementor-element-365e0b8\" data-id=\"365e0b8\" data-element_type=\"column\">\n\t\t\t<div class=\"elementor-widget-wrap elementor-element-populated\">\n\t\t\t\t\t\t\t\t<div class=\"elementor-element elementor-element-616b7d0 elementor-widget elementor-widget-image\" data-id=\"616b7d0\" data-element_type=\"widget\" data-widget_type=\"image.default\">\n\t\t\t\t<div class=\"elementor-widget-container\">\n\t\t\t\t\t\t\t\t\t\t\t\t\t\t\t\t<a href=\"https:\/\/www.irblleida.org\/ca\/serveis-cientifico-tecnics\/biobanc\/\" target=\"_blank\" rel=\"noopener\">\n\t\t\t\t\t\t\t<img loading=\"lazy\" decoding=\"async\" width=\"600\" height=\"400\" src=\"https:\/\/www.xbtc.cat\/wp-content\/uploads\/2023\/11\/XBTC_IRBLleida_v2.jpg\" class=\"attachment-full size-full wp-image-15174\" alt=\"XBTC - IRB Lleida\" srcset=\"https:\/\/www.xbtc.cat\/wp-content\/uploads\/2023\/11\/XBTC_IRBLleida_v2.jpg 600w, https:\/\/www.xbtc.cat\/wp-content\/uploads\/2023\/11\/XBTC_IRBLleida_v2-300x200.jpg 300w\" sizes=\"auto, (max-width: 600px) 100vw, 600px\" \/>\t\t\t\t\t\t\t\t<\/a>\n\t\t\t\t\t\t\t\t\t\t\t\t\t\t\t<\/div>\n\t\t\t\t<\/div>\n\t\t\t\t\t<\/div>\n\t\t<\/div>\n\t\t\t\t<div class=\"elementor-column elementor-col-20 elementor-inner-column elementor-element elementor-element-982c4d9\" data-id=\"982c4d9\" data-element_type=\"column\">\n\t\t\t<div class=\"elementor-widget-wrap elementor-element-populated\">\n\t\t\t\t\t\t\t\t<div class=\"elementor-element elementor-element-bb36908 elementor-widget elementor-widget-image\" data-id=\"bb36908\" data-element_type=\"widget\" data-widget_type=\"image.default\">\n\t\t\t\t<div class=\"elementor-widget-container\">\n\t\t\t\t\t\t\t\t\t\t\t\t\t\t\t\t<a href=\"https:\/\/vhir.vallhebron.com\/ca\/suport-la-recerca\/biobanc\" target=\"_blank\" rel=\"noopener\">\n\t\t\t\t\t\t\t<img loading=\"lazy\" decoding=\"async\" width=\"600\" height=\"400\" src=\"https:\/\/www.xbtc.cat\/wp-content\/uploads\/2023\/10\/XBTC_VallHebron.png\" class=\"attachment-full size-full wp-image-14927\" alt=\"Xarxa de Bancs de Tumors de Catalunya - Vall d&#039;Hebron\" srcset=\"https:\/\/www.xbtc.cat\/wp-content\/uploads\/2023\/10\/XBTC_VallHebron.png 600w, https:\/\/www.xbtc.cat\/wp-content\/uploads\/2023\/10\/XBTC_VallHebron-300x200.png 300w\" sizes=\"auto, (max-width: 600px) 100vw, 600px\" \/>\t\t\t\t\t\t\t\t<\/a>\n\t\t\t\t\t\t\t\t\t\t\t\t\t\t\t<\/div>\n\t\t\t\t<\/div>\n\t\t\t\t\t<\/div>\n\t\t<\/div>\n\t\t\t\t\t\t\t<\/div>\n\t\t<\/section>\n\t\t\t\t\t<\/div>\n\t\t<\/div>\n\t\t\t\t\t\t\t<\/div>\n\t\t<\/section>\n\t\t\t\t<section class=\"elementor-section elementor-top-section elementor-element elementor-element-a119880 elementor-section-boxed elementor-section-height-default elementor-section-height-default\" data-id=\"a119880\" data-element_type=\"section\">\n\t\t\t\t\t\t<div class=\"elementor-container elementor-column-gap-default\">\n\t\t\t\t\t<div class=\"elementor-column elementor-col-100 elementor-top-column elementor-element elementor-element-7290cd1\" data-id=\"7290cd1\" data-element_type=\"column\">\n\t\t\t<div class=\"elementor-widget-wrap\">\n\t\t\t\t\t\t\t\t\t<\/div>\n\t\t<\/div>\n\t\t\t\t\t\t\t<\/div>\n\t\t<\/section>\n\t\t\t\t<section class=\"elementor-section elementor-top-section elementor-element elementor-element-833d1c6 elementor-section-boxed elementor-section-height-default elementor-section-height-default\" data-id=\"833d1c6\" data-element_type=\"section\">\n\t\t\t\t\t\t<div class=\"elementor-container elementor-column-gap-default\">\n\t\t\t\t\t<div class=\"elementor-column elementor-col-100 elementor-top-column elementor-element elementor-element-1cb2ddc\" data-id=\"1cb2ddc\" data-element_type=\"column\">\n\t\t\t<div class=\"elementor-widget-wrap\">\n\t\t\t\t\t\t\t\t\t<\/div>\n\t\t<\/div>\n\t\t\t\t\t\t\t<\/div>\n\t\t<\/section>\n\t\t\t\t\t\t\t<\/div>\n\t\t","protected":false},"excerpt":{"rendered":"<p>Comunidad cient\u00edfica Te ofrecemos m\u00e1s de 3 millones de muestras tumorales para la investigaci\u00f3n biom\u00e9dica M\u00e1s informaci\u00f3n Donantes Tu colaboraci\u00f3n ayudar\u00e1 a avanzar en la lucha contra el c\u00e1ncer y otras enfermedades M\u00e1s informaci\u00f3n La Xarxa de Bancs de Tumors de Catalunya est\u00e1 formada por<\/p>\n","protected":false},"author":3,"featured_media":0,"parent":0,"menu_order":2,"comment_status":"closed","ping_status":"closed","template":"elementor_header_footer","meta":{"footnotes":""},"class_list":["post-13561","page","type-page","status-publish","hentry"],"_links":{"self":[{"href":"https:\/\/www.xbtc.cat\/es\/wp-json\/wp\/v2\/pages\/13561","targetHints":{"allow":["GET"]}}],"collection":[{"href":"https:\/\/www.xbtc.cat\/es\/wp-json\/wp\/v2\/pages"}],"about":[{"href":"https:\/\/www.xbtc.cat\/es\/wp-json\/wp\/v2\/types\/page"}],"author":[{"embeddable":true,"href":"https:\/\/www.xbtc.cat\/es\/wp-json\/wp\/v2\/users\/3"}],"replies":[{"embeddable":true,"href":"https:\/\/www.xbtc.cat\/es\/wp-json\/wp\/v2\/comments?post=13561"}],"version-history":[{"count":133,"href":"https:\/\/www.xbtc.cat\/es\/wp-json\/wp\/v2\/pages\/13561\/revisions"}],"predecessor-version":[{"id":15180,"href":"https:\/\/www.xbtc.cat\/es\/wp-json\/wp\/v2\/pages\/13561\/revisions\/15180"}],"wp:attachment":[{"href":"https:\/\/www.xbtc.cat\/es\/wp-json\/wp\/v2\/media?parent=13561"}],"curies":[{"name":"wp","href":"https:\/\/api.w.org\/{rel}","templated":true}]}}